{"id":4456,"date":"2021-09-22T16:48:02","date_gmt":"2021-09-22T15:48:02","guid":{"rendered":"https:\/\/brifour.com\/portfolio\/"},"modified":"2021-11-11T12:09:29","modified_gmt":"2021-11-11T12:09:29","slug":"portfolio","status":"publish","type":"page","link":"https:\/\/brifour.com\/en\/portfolio\/","title":{"rendered":"Portfolio"},"content":{"rendered":"\t\t<div data-elementor-type=\"wp-page\" data-elementor-id=\"4456\" class=\"elementor elementor-4456 elementor-225\" data-elementor-post-type=\"page\">\n\t\t\t\t\t\t<section class=\"elementor-section elementor-top-section elementor-element elementor-element-79af2e8 elementor-section-full_width elementor-section-height-default elementor-section-height-default\" data-id=\"79af2e8\" data-element_type=\"section\">\n\t\t\t\t\t\t<div class=\"elementor-container elementor-column-gap-no\">\n\t\t\t\t\t<div class=\"elementor-column elementor-col-50 elementor-top-column elementor-element elementor-element-20d7a1b\" data-id=\"20d7a1b\" data-element_type=\"column\">\n\t\t\t<div class=\"elementor-widget-wrap elementor-element-populated\">\n\t\t\t\t\t\t<div class=\"elementor-element elementor-element-e4b1c63 elementor-invisible elementor-widget elementor-widget-heading\" data-id=\"e4b1c63\" data-element_type=\"widget\" data-settings=\"{&quot;_animation&quot;:&quot;fadeInUp&quot;}\" data-widget_type=\"heading.default\">\n\t\t\t\t<div class=\"elementor-widget-container\">\n\t\t\t\t\t<h1 class=\"elementor-heading-title elementor-size-default\">Portfolio<\/h1>\t\t\t\t<\/div>\n\t\t\t\t<\/div>\n\t\t\t\t\t<\/div>\n\t\t<\/div>\n\t\t\t\t<div class=\"elementor-column elementor-col-50 elementor-top-column elementor-element elementor-element-58a75f9\" data-id=\"58a75f9\" data-element_type=\"column\">\n\t\t\t<div class=\"elementor-widget-wrap elementor-element-populated\">\n\t\t\t\t\t\t<div class=\"elementor-element elementor-element-234733d animated-slow elementor-invisible elementor-widget elementor-widget-text-editor\" data-id=\"234733d\" data-element_type=\"widget\" data-settings=\"{&quot;_animation&quot;:&quot;fadeInUp&quot;}\" data-widget_type=\"text-editor.default\">\n\t\t\t\t<div class=\"elementor-widget-container\">\n\t\t\t\t\t\t\t\t\t<p>Our portfolio is the result of the daily effort of all our employees and partners. It is what fills us with pride and motivates us to always do more and better. We have already had the pleasure of collaborating on both national and international projects in countries such as<strong> Portugal, Angola, Germany, Andorra, Spain, United States of America, France, Morocco, Poland, Switzerland, Ireland, Tunisia and Cura\u00e7ao (Dutch Antilles).<\/strong><\/p>\n<p>&nbsp;<\/p>\n\t\t\t\t\t\t\t\t<\/div>\n\t\t\t\t<\/div>\n\t\t\t\t\t<\/div>\n\t\t<\/div>\n\t\t\t\t\t<\/div>\n\t\t<\/section>\n\t\t\t\t<section class=\"elementor-section elementor-top-section elementor-element elementor-element-ff54308 elementor-section-full_width elementor-section-height-default elementor-section-height-default\" data-id=\"ff54308\" data-element_type=\"section\">\n\t\t\t\t\t\t<div class=\"elementor-container elementor-column-gap-no\">\n\t\t\t\t\t<div class=\"elementor-column elementor-col-100 elementor-top-column elementor-element elementor-element-228c6e8\" data-id=\"228c6e8\" data-element_type=\"column\">\n\t\t\t<div class=\"elementor-widget-wrap elementor-element-populated\">\n\t\t\t\t\t\t<div class=\"elementor-element elementor-element-5c77b58 animated-slow elementor-tabs-view-horizontal elementor-invisible elementor-widget elementor-widget-tabs\" data-id=\"5c77b58\" data-element_type=\"widget\" data-settings=\"{&quot;_animation&quot;:&quot;fadeInUp&quot;}\" data-widget_type=\"tabs.default\">\n\t\t\t\t<div class=\"elementor-widget-container\">\n\t\t\t\t\t\t\t<div class=\"elementor-tabs\">\n\t\t\t<div class=\"elementor-tabs-wrapper\" role=\"tablist\" >\n\t\t\t\t\t\t\t\t\t<div id=\"elementor-tab-title-9691\" class=\"elementor-tab-title elementor-tab-desktop-title\" aria-selected=\"true\" data-tab=\"1\" role=\"tab\" tabindex=\"0\" aria-controls=\"elementor-tab-content-9691\" aria-expanded=\"false\">NATIONAL<\/div>\n\t\t\t\t\t\t\t\t\t<div id=\"elementor-tab-title-9692\" class=\"elementor-tab-title elementor-tab-desktop-title\" aria-selected=\"false\" data-tab=\"2\" role=\"tab\" tabindex=\"-1\" aria-controls=\"elementor-tab-content-9692\" aria-expanded=\"false\">INTERNATIONAL<\/div>\n\t\t\t\t\t\t\t<\/div>\n\t\t\t<div class=\"elementor-tabs-content-wrapper\" role=\"tablist\" aria-orientation=\"vertical\">\n\t\t\t\t\t\t\t\t\t<div class=\"elementor-tab-title elementor-tab-mobile-title\" aria-selected=\"true\" data-tab=\"1\" role=\"tab\" tabindex=\"0\" aria-controls=\"elementor-tab-content-9691\" aria-expanded=\"false\">NATIONAL<\/div>\n\t\t\t\t\t<div id=\"elementor-tab-content-9691\" class=\"elementor-tab-content elementor-clearfix\" data-tab=\"1\" role=\"tabpanel\" aria-labelledby=\"elementor-tab-title-9691\" tabindex=\"0\" hidden=\"false\"><table class=\"tg\" style=\"height: 3551px;\" width=\"224\">\n<tbody>\n<tr>\n<td class=\"tg-alxj\">Ramada By Wyndham Lisbon Park Hotel ****<\/td>\n<td class=\"tg-alxj\">Lisbon<\/td>\n<\/tr>\n<tr>\n<td class=\"tg-alxj\">Convento das Bernardas, by Souto Moura<\/td>\n<td class=\"tg-alxj\">Algarve<\/td>\n<\/tr>\n<tr>\n<td class=\"tg-alxj\">Hotel Corinthia de Lisboa *****<\/td>\n<td class=\"tg-alxj\">Lisbon<\/td>\n<\/tr>\n<tr>\n<td class=\"tg-alxj\">Hotel Douro Royal Valley *****<\/td>\n<td class=\"tg-alxj\">Douro<\/td>\n<\/tr>\n<tr>\n<td class=\"tg-alxj\">Hotel Principe da Beira ****<\/td>\n<td class=\"tg-alxj\">Castelo Branco<\/td>\n<\/tr>\n<tr>\n<td class=\"tg-alxj\">Hotel Quinta das L\u00e1grimas ****<\/td>\n<td class=\"tg-alxj\">Coimbra<\/td>\n<\/tr>\n<tr>\n<td class=\"tg-alxj\">Hotel Savoy Gardens ****<\/td>\n<td class=\"tg-alxj\">Madeira<\/td>\n<\/tr>\n<tr>\n<td class=\"tg-alxj\">Hotel Tivoli Jardim ****<\/td>\n<td class=\"tg-alxj\">Lisbon<\/td>\n<\/tr>\n<tr>\n<td class=\"tg-alxj\">Hotel Tivoli Marina Hotel *****<\/td>\n<td class=\"tg-alxj\">Algarve<\/td>\n<\/tr>\n<tr>\n<td class=\"tg-alxj\">Hotel Tryp Porto ***<\/td>\n<td class=\"tg-alxj\">Oporto<\/td>\n<\/tr>\n<tr>\n<td class=\"tg-alxj\">Hotel Varanda dos Carquejais ****<\/td>\n<td class=\"tg-alxj\">Guarda<\/td>\n<\/tr>\n<tr>\n<td class=\"tg-alxj\">Jardim do Vau ****<\/td>\n<td class=\"tg-alxj\">Algarve<\/td>\n<\/tr>\n<tr>\n<td class=\"tg-alxj\">Lagoas Park Hotel ****<\/td>\n<td class=\"tg-alxj\">Lisbon<\/td>\n<\/tr>\n<tr>\n<td class=\"tg-alxj\">Lagunamar Suites ****<\/td>\n<td class=\"tg-alxj\">Algarve<\/td>\n<\/tr>\n<tr>\n<td class=\"tg-alxj\">Lousada Country Hotel ****<\/td>\n<td class=\"tg-alxj\">Lousada<\/td>\n<\/tr>\n<tr>\n<td class=\"tg-alxj\">Madeira Palace Residences *****<\/td>\n<td class=\"tg-alxj\">Madeira<\/td>\n<\/tr>\n<tr>\n<td class=\"tg-alxj\">Meli\u00e3 Braga *****<\/td>\n<td class=\"tg-alxj\">Braga<\/td>\n<\/tr>\n<tr>\n<td class=\"tg-alxj\">Meli\u00e3 Madeira Mare *****<\/td>\n<td class=\"tg-alxj\">Madeira<\/td>\n<\/tr>\n<tr>\n<td class=\"tg-alxj\">Meli\u00e3 Porto Gaia ****<\/td>\n<td class=\"tg-alxj\">Oporto<\/td>\n<\/tr>\n<tr>\n<td class=\"tg-alxj\">Meli\u00e3 Ria ****<\/td>\n<td class=\"tg-alxj\">Aveiro<\/td>\n<\/tr>\n<tr>\n<td class=\"tg-alxj\">Palmela Village Golf Resort ****<\/td>\n<td class=\"tg-alxj\">Set\u00fabal<\/td>\n<\/tr>\n<tr>\n<td class=\"tg-alxj\">PortoBay Fal\u00e9sia ****<\/td>\n<td class=\"tg-alxj\">Algarve<\/td>\n<\/tr>\n<tr>\n<td class=\"tg-alxj\">Pousada de Tavira Convento da Gra\u00e7a *****<\/td>\n<td class=\"tg-alxj\">Algarve<\/td>\n<\/tr>\n<tr>\n<td class=\"tg-alxj\">Quinta de Casaldronho Wine Hotel ****<\/td>\n<td class=\"tg-alxj\">Lamego<\/td>\n<\/tr>\n<tr>\n<td class=\"tg-alxj\">Resid\u00eancia S\u00e9nior de Fi\u00e3es<\/td>\n<td class=\"tg-alxj\">Aveiro<\/td>\n<\/tr>\n<tr>\n<td class=\"tg-alxj\">Sheraton Porto Hotel &amp; Spa *****<\/td>\n<td class=\"tg-alxj\">Oporto<\/td>\n<\/tr>\n<tr>\n<td class=\"tg-alxj\">Shopping Center Dolce Vita Tejo (\u00c1reas Publicas)<\/td>\n<td class=\"tg-alxj\">Lisbon<\/td>\n<\/tr>\n<tr>\n<td class=\"tg-alxj\">Solverde Chaves *****<\/td>\n<td class=\"tg-alxj\">Vila Real<\/td>\n<\/tr>\n<tr>\n<td class=\"tg-alxj\">Suites Alba Resort *****<\/td>\n<td class=\"tg-alxj\">Algarve<\/td>\n<\/tr>\n<tr>\n<td class=\"tg-alxj\">The Cliff Bay *****<\/td>\n<td class=\"tg-alxj\">Madeira<\/td>\n<\/tr>\n<tr>\n<td class=\"tg-alxj\">Thema Hotels \u2013 Curia Palace Hotel ****<\/td>\n<td class=\"tg-alxj\">Coimbra<\/td>\n<\/tr>\n<tr>\n<td class=\"tg-alxj\">Troia Design Hotel *****<\/td>\n<td class=\"tg-alxj\">Lisbon<\/td>\n<\/tr>\n<tr>\n<td class=\"tg-alxj\">TRYP Lisboa Oriente Hotel ****<\/td>\n<td class=\"tg-alxj\">Lisbon<\/td>\n<\/tr>\n<tr>\n<td class=\"tg-alxj\">Vila Gal\u00e9 Albacora ****<\/td>\n<td class=\"tg-alxj\">Algarve<\/td>\n<\/tr>\n<tr>\n<td class=\"tg-alxj\">Vila Gal\u00e9 Ampalius ****<\/td>\n<td class=\"tg-alxj\">Algarve<\/td>\n<\/tr>\n<tr>\n<td class=\"tg-alxj\">Vila Gal\u00e9 Atl\u00e2ntico ****<\/td>\n<td class=\"tg-alxj\">Algarve<\/td>\n<\/tr>\n<tr>\n<td class=\"tg-alxj\">Vila Gal\u00e9 Cascais ****<\/td>\n<td class=\"tg-alxj\">Lisboa<\/td>\n<\/tr>\n<tr>\n<td class=\"tg-alxj\">Vila Gal\u00e9 Cerro Alagoa ****<\/td>\n<td class=\"tg-alxj\">Algarve<\/td>\n<\/tr>\n<tr>\n<td class=\"tg-alxj\">Vila Gal\u00e9 Clube de Campo ****<\/td>\n<td class=\"tg-alxj\">Alentejo<\/td>\n<\/tr>\n<tr>\n<td class=\"tg-alxj\">Vila Gal\u00e9 Coimbra ****<\/td>\n<td class=\"tg-alxj\">Coimbra<\/td>\n<\/tr>\n<tr>\n<td class=\"tg-alxj\">Vila Gal\u00e9 Ericeira ****<\/td>\n<td class=\"tg-alxj\">Lisbon<\/td>\n<\/tr>\n<tr>\n<td class=\"tg-alxj\">Vila Gal\u00e9 Estoril ****<\/td>\n<td class=\"tg-alxj\">Lisbon<\/td>\n<\/tr>\n<tr>\n<td class=\"tg-alxj\">Vila Gal\u00e9 \u00c9vora ****<\/td>\n<td class=\"tg-alxj\">\u00c9vora<\/td>\n<\/tr>\n<tr>\n<td class=\"tg-alxj\">Vila Gal\u00e9 Lagos ****<\/td>\n<td class=\"tg-alxj\">Algarve<\/td>\n<\/tr>\n<tr>\n<td class=\"tg-alxj\">Vila Gal\u00e9 Marina ****<\/td>\n<td class=\"tg-alxj\">Algarve<\/td>\n<\/tr>\n<tr>\n<td class=\"tg-alxj\">Vila Gal\u00e9 Nautico ****<\/td>\n<td class=\"tg-alxj\">Algarve<\/td>\n<\/tr>\n<tr>\n<td class=\"tg-alxj\">Vila Gal\u00e9 \u00d3pera ****<\/td>\n<td class=\"tg-alxj\">Lisbon<\/td>\n<\/tr>\n<tr>\n<td class=\"tg-alxj\">Vila Gal\u00e9 Porto ****<\/td>\n<td class=\"tg-alxj\">Oporto<\/td>\n<\/tr>\n<tr>\n<td class=\"tg-alxj\">Vila Gal\u00e9 Praia ****<\/td>\n<td class=\"tg-alxj\">Algarve<\/td>\n<\/tr>\n<tr>\n<td class=\"tg-alxj\">Vila Gal\u00e9 Santa Cruz ****<\/td>\n<td class=\"tg-alxj\">Madeira<\/td>\n<\/tr>\n<tr>\n<td class=\"tg-alxj\">Vila Gal\u00e9 Tavira ****<\/td>\n<td class=\"tg-alxj\">Algarve<\/td>\n<\/tr>\n<tr>\n<td class=\"tg-alxj\">Yellow Lagos Meia Praia *****<\/td>\n<td class=\"tg-alxj\">Algarve<\/td>\n<\/tr>\n<tr>\n<td class=\"tg-alxj\">Yellow Praia Monte Gordo *****<\/td>\n<td class=\"tg-alxj\">Algarve<\/td>\n<\/tr>\n<tr>\n<td class=\"tg-alxj\">Livensa Living Porto Boavista<\/td>\n<td class=\"tg-alxj\">Oporto<\/td>\n<\/tr>\n<tr>\n<td class=\"tg-alxj\">Livensa Living Porto Campus<\/td>\n<td class=\"tg-alxj\">Oporto<\/td>\n<\/tr>\n<tr>\n<td class=\"tg-alxj\">Livensa Living Coimbra Rio<\/td>\n<td class=\"tg-alxj\">Coimbra<\/td>\n<\/tr>\n<tr>\n<td class=\"tg-alxj\">Vila Gal\u00e9 Elvas ****<\/td>\n<td class=\"tg-alxj\">Coimbra<\/td>\n<\/tr>\n<tr>\n<td class=\"tg-alxj\">Vila Gal\u00e9 Douro Vineyards ****<\/td>\n<td class=\"tg-alxj\">Coimbra<\/td>\n<\/tr>\n<\/tbody>\n<\/table>\n<\/div>\n\t\t\t\t\t\t\t\t\t<div class=\"elementor-tab-title elementor-tab-mobile-title\" aria-selected=\"false\" data-tab=\"2\" role=\"tab\" tabindex=\"-1\" aria-controls=\"elementor-tab-content-9692\" aria-expanded=\"false\">INTERNATIONAL<\/div>\n\t\t\t\t\t<div id=\"elementor-tab-content-9692\" class=\"elementor-tab-content elementor-clearfix\" data-tab=\"2\" role=\"tabpanel\" aria-labelledby=\"elementor-tab-title-9692\" tabindex=\"0\" hidden=\"hidden\"><table class=\"tg\">\n<tbody>\n<tr>\n<td class=\"tg-alxj\">Bio &amp; Wellnesshotel Alpenblick ****<\/td>\n<td class=\"tg-alxj\">Germany<\/td>\n<\/tr>\n<tr>\n<td class=\"tg-alxj\">Eurostars Andorra Centre *****<\/td>\n<td class=\"tg-alxj\">Andorra<\/td>\n<\/tr>\n<tr>\n<td class=\"tg-alxj\">Eurostars Grand Central ****<\/td>\n<td class=\"tg-alxj\">Germany<\/td>\n<\/tr>\n<tr>\n<td class=\"tg-alxj\">Eurostars P\u00e1tios de C\u00f3rdoba ****<\/td>\n<td class=\"tg-alxj\">Spain<\/td>\n<\/tr>\n<tr>\n<td class=\"tg-alxj\">Hotel Adealba ****<\/td>\n<td class=\"tg-alxj\">Spain<\/td>\n<\/tr>\n<tr>\n<td class=\"tg-alxj\">Hotel Exe Conquistador ****<\/td>\n<td class=\"tg-alxj\">Spain<\/td>\n<\/tr>\n<tr>\n<td class=\"tg-alxj\">Hotel Exe Los Linajes **<\/td>\n<td class=\"tg-alxj\">Spain<\/td>\n<\/tr>\n<tr>\n<td class=\"tg-alxj\">Hotel Le Pigalle ****<\/td>\n<td class=\"tg-alxj\">France<\/td>\n<\/tr>\n<tr>\n<td class=\"tg-alxj\">Hotel Le Val Thorens ****<\/td>\n<td class=\"tg-alxj\">French Alps<\/td>\n<\/tr>\n<tr>\n<td class=\"tg-alxj\">Hotel Roches Rouges *****<\/td>\n<td class=\"tg-alxj\">France<\/td>\n<\/tr>\n<tr>\n<td class=\"tg-alxj\">Hotel NH Poznan ****<\/td>\n<td class=\"tg-alxj\">Poland<\/td>\n<\/tr>\n<tr>\n<td class=\"tg-alxj\">Hotel Skyna ****<\/td>\n<td class=\"tg-alxj\">Angola<\/td>\n<\/tr>\n<tr>\n<td class=\"tg-alxj\">Hotel Tr\u00f3pcio ****<\/td>\n<td class=\"tg-alxj\">Angola<\/td>\n<\/tr>\n<tr>\n<td class=\"tg-alxj\">Premier Business Center<\/td>\n<td class=\"tg-alxj\">USA<\/td>\n<\/tr>\n<tr>\n<td class=\"tg-alxj\">Radisson Blu Hotel Marrakech Carre Eden *****<\/td>\n<td class=\"tg-alxj\">Morocco<\/td>\n<\/tr>\n<tr>\n<td class=\"tg-alxj\">Restaurant Leguett<\/td>\n<td class=\"tg-alxj\">Suice<\/td>\n<\/tr>\n<tr>\n<td class=\"tg-alxj\">Restaurante PIMMS<\/td>\n<td class=\"tg-alxj\">Angola<\/td>\n<\/tr>\n<tr>\n<td class=\"tg-alxj\">Shopping Dolce Vita Ferrol<\/td>\n<td class=\"tg-alxj\">Spain<\/td>\n<\/tr>\n<tr>\n<td class=\"tg-alxj\">Splendid Hotel ***<\/td>\n<td class=\"tg-alxj\">France<\/td>\n<\/tr>\n<tr>\n<td class=\"tg-alxj\">The Evelyn ***<\/td>\n<td class=\"tg-alxj\">USA<\/td>\n<\/tr>\n<tr>\n<td class=\"tg-alxj\">Centro Comercial El Mirador<\/td>\n<td class=\"tg-alxj\">Cuenca<\/td>\n<\/tr>\n<tr>\n<td class=\"tg-alxj\">Centro Comercial Alzamora<\/td>\n<td class=\"tg-alxj\">Alcoy<\/td>\n<\/tr>\n<tr>\n<td class=\"tg-alxj\">Centro Comercial Eltiro<\/td>\n<td class=\"tg-alxj\">Murcia<\/td>\n<\/tr>\n<tr>\n<td class=\"tg-alxj\">Centro Comercial Los Alcores<\/td>\n<td class=\"tg-alxj\">Seville<\/td>\n<\/tr>\n<tr>\n<td class=\"tg-alxj\">Cura\u00e7ao Marriott Beach Resort *****<\/td>\n<td class=\"tg-alxj\">Curacao<\/td>\n<\/tr>\n<\/tbody>\n<\/table>\n<\/div>\n\t\t\t\t\t\t\t<\/div>\n\t\t<\/div>\n\t\t\t\t\t\t<\/div>\n\t\t\t\t<\/div>\n\t\t\t\t\t<\/div>\n\t\t<\/div>\n\t\t\t\t\t<\/div>\n\t\t<\/section>\n\t\t\t\t<\/div>\n\t\t","protected":false},"excerpt":{"rendered":"<p>Our portfolio is the result of the daily effort of all our employees and partners. It is what fills us with pride and motivates us to always do more and better. We have already had the pleasure of collaborating on both national and international projects in countries such as Portugal, Angola, Germany, Andorra, Spain, United [&hellip;]<\/p>\n","protected":false},"author":1,"featured_media":1515,"parent":0,"menu_order":0,"comment_status":"closed","ping_status":"closed","template":"","meta":{"footnotes":""},"class_list":["post-4456","page","type-page","status-publish","has-post-thumbnail","hentry"],"_links":{"self":[{"href":"https:\/\/brifour.com\/en\/wp-json\/wp\/v2\/pages\/4456","targetHints":{"allow":["GET"]}}],"collection":[{"href":"https:\/\/brifour.com\/en\/wp-json\/wp\/v2\/pages"}],"about":[{"href":"https:\/\/brifour.com\/en\/wp-json\/wp\/v2\/types\/page"}],"author":[{"embeddable":true,"href":"https:\/\/brifour.com\/en\/wp-json\/wp\/v2\/users\/1"}],"replies":[{"embeddable":true,"href":"https:\/\/brifour.com\/en\/wp-json\/wp\/v2\/comments?post=4456"}],"version-history":[{"count":2,"href":"https:\/\/brifour.com\/en\/wp-json\/wp\/v2\/pages\/4456\/revisions"}],"predecessor-version":[{"id":4504,"href":"https:\/\/brifour.com\/en\/wp-json\/wp\/v2\/pages\/4456\/revisions\/4504"}],"wp:featuredmedia":[{"embeddable":true,"href":"https:\/\/brifour.com\/en\/wp-json\/wp\/v2\/media\/1515"}],"wp:attachment":[{"href":"https:\/\/brifour.com\/en\/wp-json\/wp\/v2\/media?parent=4456"}],"curies":[{"name":"wp","href":"https:\/\/api.w.org\/{rel}","templated":true}]}}